{"id":3915,"date":"2021-01-07T08:50:46","date_gmt":"2021-01-07T13:50:46","guid":{"rendered":"https:\/\/passionimo.ca\/contact-us\/"},"modified":"2026-02-25T14:08:05","modified_gmt":"2026-02-25T19:08:05","slug":"contact-us","status":"publish","type":"page","link":"https:\/\/passionimo.ca\/en\/contact-us\/","title":{"rendered":"Contact us"},"content":{"rendered":"\t\t<div data-elementor-type=\"wp-page\" data-elementor-id=\"3915\" class=\"elementor elementor-3915 elementor-1427\" data-elementor-post-type=\"page\">\n\t\t\t\t<div class=\"elementor-element elementor-element-c688d75 e-con-full e-dte-flex e-flex e-con e-parent\" data-id=\"c688d75\" data-element_type=\"container\" data-e-type=\"container\" data-settings=\"{&quot;background_background&quot;:&quot;classic&quot;,&quot;dte_container_type&quot;:&quot;flex&quot;}\">\n\t\t<div class=\"elementor-element elementor-element-97e1389 e-con-full e-dte-flex e-flex e-con e-child\" data-id=\"97e1389\" data-element_type=\"container\" data-e-type=\"container\" data-settings=\"{&quot;background_background&quot;:&quot;classic&quot;,&quot;dte_container_type&quot;:&quot;flex&quot;}\">\n\t\t\t\t<div class=\"elementor-element elementor-element-04ee6d7 elementor-widget elementor-widget-heading\" data-id=\"04ee6d7\" data-element_type=\"widget\" data-e-type=\"widget\" data-widget_type=\"heading.default\">\n\t\t\t\t<div class=\"elementor-widget-container\">\n\t\t\t\t\t<h6 class=\"elementor-heading-title elementor-size-default\">Contact us<\/h6>\t\t\t\t<\/div>\n\t\t\t\t<\/div>\n\t\t\t\t<div class=\"elementor-element elementor-element-b3b46f0 elementor-widget__width-initial elementor-widget elementor-widget-heading\" data-id=\"b3b46f0\" data-element_type=\"widget\" data-e-type=\"widget\" data-widget_type=\"heading.default\">\n\t\t\t\t<div class=\"elementor-widget-container\">\n\t\t\t\t\t<h2 class=\"elementor-heading-title elementor-size-default\">Has Your Companion <span style=\"color:#2c5ca6\">Chosen<\/span> Us?<\/h2>\t\t\t\t<\/div>\n\t\t\t\t<\/div>\n\t\t\t\t<div class=\"elementor-element elementor-element-779da34 elementor-widget__width-initial elementor-widget elementor-widget-heading\" data-id=\"779da34\" data-element_type=\"widget\" data-e-type=\"widget\" data-widget_type=\"heading.default\">\n\t\t\t\t<div class=\"elementor-widget-container\">\n\t\t\t\t\t<p class=\"elementor-heading-title elementor-size-default\">Let\u2019s Stay Connected!<\/p>\t\t\t\t<\/div>\n\t\t\t\t<\/div>\n\t\t\t\t<\/div>\n\t\t\t\t<\/div>\n\t\t<div class=\"elementor-element elementor-element-695956f e-dte-flex e-flex e-con-boxed e-con e-parent\" data-id=\"695956f\" data-element_type=\"container\" data-e-type=\"container\" data-settings=\"{&quot;background_background&quot;:&quot;classic&quot;,&quot;dte_container_type&quot;:&quot;flex&quot;}\">\n\t\t\t\t\t<div class=\"e-con-inner\">\n\t\t<div class=\"elementor-element elementor-element-bcbac60 e-con-full e-dte-flex e-flex e-con e-child\" data-id=\"bcbac60\" data-element_type=\"container\" data-e-type=\"container\" data-settings=\"{&quot;background_background&quot;:&quot;classic&quot;,&quot;dte_container_type&quot;:&quot;flex&quot;}\">\n\t\t\t\t<div class=\"elementor-element elementor-element-f35802e elementor-widget__width-initial elementor-widget elementor-widget-image\" data-id=\"f35802e\" data-element_type=\"widget\" data-e-type=\"widget\" data-widget_type=\"image.default\">\n\t\t\t\t<div class=\"elementor-widget-container\">\n\t\t\t\t\t\t\t\t\t\t\t\t\t\t\t<img decoding=\"async\" width=\"143\" height=\"142\" src=\"https:\/\/passionimo.ca\/wp-content\/uploads\/2026\/02\/PASSIONIMO_icon_courriel.png\" class=\"attachment-full size-full wp-image-31190\" alt=\"\" \/>\t\t\t\t\t\t\t\t\t\t\t\t\t\t\t<\/div>\n\t\t\t\t<\/div>\n\t\t\t\t<div class=\"elementor-element elementor-element-f993d67 elementor-widget elementor-widget-heading\" data-id=\"f993d67\" data-element_type=\"widget\" data-e-type=\"widget\" data-widget_type=\"heading.default\">\n\t\t\t\t<div class=\"elementor-widget-container\">\n\t\t\t\t\t<p class=\"elementor-heading-title elementor-size-default\">info@passionimo.ca<\/p>\t\t\t\t<\/div>\n\t\t\t\t<\/div>\n\t\t\t\t<\/div>\n\t\t\t\t\t<\/div>\n\t\t\t\t<\/div>\n\t\t\t\t<section class=\"elementor-section elementor-top-section elementor-element elementor-element-cb2b01e elementor-section-boxed elementor-section-height-default elementor-section-height-default\" data-id=\"cb2b01e\" data-element_type=\"section\" data-e-type=\"section\" data-settings=\"{&quot;background_background&quot;:&quot;classic&quot;}\">\n\t\t\t\t\t\t<div class=\"elementor-container elementor-column-gap-default\">\n\t\t\t\t\t<div class=\"elementor-column elementor-col-100 elementor-top-column elementor-element elementor-element-81deef5\" data-id=\"81deef5\" data-element_type=\"column\" data-e-type=\"column\">\n\t\t\t<div class=\"elementor-widget-wrap elementor-element-populated\">\n\t\t\t\t\t\t<div class=\"elementor-element elementor-element-6e6a6ca elementor-widget elementor-widget-html\" data-id=\"6e6a6ca\" data-element_type=\"widget\" data-e-type=\"widget\" data-widget_type=\"html.default\">\n\t\t\t\t<div class=\"elementor-widget-container\">\n\t\t\t\t\t<div class=\"_form_46\"><\/div><script src=\"https:\/\/regroupementdmv.activehosted.com\/f\/embed.php?id=46\" charset=\"utf-8\"><\/script>\t\t\t\t<\/div>\n\t\t\t\t<\/div>\n\t\t\t\t<div class=\"elementor-element elementor-element-bf4573b elementor-widget elementor-widget-html\" data-id=\"bf4573b\" data-element_type=\"widget\" data-e-type=\"widget\" data-widget_type=\"html.default\">\n\t\t\t\t<div class=\"elementor-widget-container\">\n\t\t\t\t\t<!-- Pixel Meta Adsrvr.org -->\r\n<img decoding=\"async\" src=\"https:\/\/insight.adsrvr.org\/track\/pxl\/?adv=0xpfnlq&ct=0:r735l21&fmt=3\" width=\"1\" height=\"1\" style=\"display:none;\" alt=\"tracking-pixel\" \/>\r\n\t\t\t\t<\/div>\n\t\t\t\t<\/div>\n\t\t\t\t\t<\/div>\n\t\t<\/div>\n\t\t\t\t\t<\/div>\n\t\t<\/section>\n\t\t\t\t<\/div>\n\t\t","protected":false},"excerpt":{"rendered":"<p>Contact us Has Your Companion Chosen Us? Let\u2019s Stay Connected! info@passionimo.ca<\/p>\n","protected":false},"author":1,"featured_media":0,"parent":0,"menu_order":8,"comment_status":"closed","ping_status":"closed","template":"","meta":{"_acf_changed":false,"footnotes":""},"class_list":["post-3915","page","type-page","status-publish","hentry","contact-us"],"acf":[],"yoast_head":"<!-- This site is optimized with the Yoast SEO plugin v27.5 - https:\/\/yoast.com\/product\/yoast-seo-wordpress\/ -->\n<title>Contact us | Passionimo<\/title>\n<meta name=\"robots\" content=\"index, follow, max-snippet:-1, max-image-preview:large, max-video-preview:-1\" \/>\n<link rel=\"canonical\" href=\"https:\/\/passionimo.ca\/nous-contacter\/\" \/>\n<meta property=\"og:locale\" content=\"en_US\" \/>\n<meta property=\"og:type\" content=\"article\" \/>\n<meta property=\"og:title\" content=\"Contact us | Passionimo\" \/>\n<meta property=\"og:description\" content=\"Contact us Has Your Companion Chosen Us? Let\u2019s Stay Connected! info@passionimo.ca\" \/>\n<meta property=\"og:url\" content=\"https:\/\/passionimo.ca\/nous-contacter\/\" \/>\n<meta property=\"og:site_name\" content=\"Passionimo\" \/>\n<meta property=\"article:modified_time\" content=\"2026-02-25T19:08:05+00:00\" \/>\n<meta property=\"og:image\" content=\"https:\/\/passionimo.ca\/wp-content\/uploads\/2026\/02\/PASSIONIMO_icon_courriel.png\" \/>\n\t<meta property=\"og:image:width\" content=\"143\" \/>\n\t<meta property=\"og:image:height\" content=\"142\" \/>\n\t<meta property=\"og:image:type\" content=\"image\/png\" \/>\n<meta name=\"twitter:card\" content=\"summary_large_image\" \/>\n<meta name=\"twitter:label1\" content=\"Est. reading time\" \/>\n\t<meta name=\"twitter:data1\" content=\"16 minutes\" \/>\n<script type=\"application\/ld+json\" class=\"yoast-schema-graph\">{\"@context\":\"https:\\\/\\\/schema.org\",\"@graph\":[{\"@type\":\"WebPage\",\"@id\":\"https:\\\/\\\/passionimo.ca\\\/nous-contacter\\\/\",\"url\":\"https:\\\/\\\/passionimo.ca\\\/nous-contacter\\\/\",\"name\":\"Contact us | Passionimo\",\"isPartOf\":{\"@id\":\"https:\\\/\\\/passionimo.ca\\\/#website\"},\"primaryImageOfPage\":{\"@id\":\"https:\\\/\\\/passionimo.ca\\\/nous-contacter\\\/#primaryimage\"},\"image\":{\"@id\":\"https:\\\/\\\/passionimo.ca\\\/nous-contacter\\\/#primaryimage\"},\"thumbnailUrl\":\"https:\\\/\\\/passionimo.ca\\\/wp-content\\\/uploads\\\/2026\\\/02\\\/PASSIONIMO_icon_courriel.png\",\"datePublished\":\"2021-01-07T13:50:46+00:00\",\"dateModified\":\"2026-02-25T19:08:05+00:00\",\"breadcrumb\":{\"@id\":\"https:\\\/\\\/passionimo.ca\\\/nous-contacter\\\/#breadcrumb\"},\"inLanguage\":\"en-US\",\"potentialAction\":[{\"@type\":\"ReadAction\",\"target\":[\"https:\\\/\\\/passionimo.ca\\\/nous-contacter\\\/\"]}]},{\"@type\":\"ImageObject\",\"inLanguage\":\"en-US\",\"@id\":\"https:\\\/\\\/passionimo.ca\\\/nous-contacter\\\/#primaryimage\",\"url\":\"https:\\\/\\\/passionimo.ca\\\/wp-content\\\/uploads\\\/2026\\\/02\\\/PASSIONIMO_icon_courriel.png\",\"contentUrl\":\"https:\\\/\\\/passionimo.ca\\\/wp-content\\\/uploads\\\/2026\\\/02\\\/PASSIONIMO_icon_courriel.png\"},{\"@type\":\"BreadcrumbList\",\"@id\":\"https:\\\/\\\/passionimo.ca\\\/nous-contacter\\\/#breadcrumb\",\"itemListElement\":[{\"@type\":\"ListItem\",\"position\":1,\"name\":\"Accueil\",\"item\":\"https:\\\/\\\/passionimo.ca\\\/\"},{\"@type\":\"ListItem\",\"position\":2,\"name\":\"Contact us\"}]},{\"@type\":\"WebSite\",\"@id\":\"https:\\\/\\\/passionimo.ca\\\/#website\",\"url\":\"https:\\\/\\\/passionimo.ca\\\/\",\"name\":\"Passionimo\",\"description\":\"R\u00e9seau de v\u00e9t\u00e9rinaires de famille\",\"publisher\":{\"@id\":\"https:\\\/\\\/passionimo.ca\\\/#organization\"},\"potentialAction\":[{\"@type\":\"SearchAction\",\"target\":{\"@type\":\"EntryPoint\",\"urlTemplate\":\"https:\\\/\\\/passionimo.ca\\\/?s={search_term_string}\"},\"query-input\":{\"@type\":\"PropertyValueSpecification\",\"valueRequired\":true,\"valueName\":\"search_term_string\"}}],\"inLanguage\":\"en-US\"},{\"@type\":\"Organization\",\"@id\":\"https:\\\/\\\/passionimo.ca\\\/#organization\",\"name\":\"Passionimo\",\"url\":\"https:\\\/\\\/passionimo.ca\\\/\",\"logo\":{\"@type\":\"ImageObject\",\"inLanguage\":\"en-US\",\"@id\":\"https:\\\/\\\/passionimo.ca\\\/#\\\/schema\\\/logo\\\/image\\\/\",\"url\":\"https:\\\/\\\/passionimo.ca\\\/wp-content\\\/uploads\\\/2020\\\/09\\\/logo_passionimo-seul.png\",\"contentUrl\":\"https:\\\/\\\/passionimo.ca\\\/wp-content\\\/uploads\\\/2020\\\/09\\\/logo_passionimo-seul.png\",\"width\":751,\"height\":120,\"caption\":\"Passionimo\"},\"image\":{\"@id\":\"https:\\\/\\\/passionimo.ca\\\/#\\\/schema\\\/logo\\\/image\\\/\"}}]}<\/script>\n<!-- \/ Yoast SEO plugin. -->","yoast_head_json":{"title":"Contact us | Passionimo","robots":{"index":"index","follow":"follow","max-snippet":"max-snippet:-1","max-image-preview":"max-image-preview:large","max-video-preview":"max-video-preview:-1"},"canonical":"https:\/\/passionimo.ca\/nous-contacter\/","og_locale":"en_US","og_type":"article","og_title":"Contact us | Passionimo","og_description":"Contact us Has Your Companion Chosen Us? Let\u2019s Stay Connected! info@passionimo.ca","og_url":"https:\/\/passionimo.ca\/nous-contacter\/","og_site_name":"Passionimo","article_modified_time":"2026-02-25T19:08:05+00:00","og_image":[{"width":143,"height":142,"url":"https:\/\/passionimo.ca\/wp-content\/uploads\/2026\/02\/PASSIONIMO_icon_courriel.png","type":"image\/png"}],"twitter_card":"summary_large_image","twitter_misc":{"Est. reading time":"16 minutes"},"schema":{"@context":"https:\/\/schema.org","@graph":[{"@type":"WebPage","@id":"https:\/\/passionimo.ca\/nous-contacter\/","url":"https:\/\/passionimo.ca\/nous-contacter\/","name":"Contact us | Passionimo","isPartOf":{"@id":"https:\/\/passionimo.ca\/#website"},"primaryImageOfPage":{"@id":"https:\/\/passionimo.ca\/nous-contacter\/#primaryimage"},"image":{"@id":"https:\/\/passionimo.ca\/nous-contacter\/#primaryimage"},"thumbnailUrl":"https:\/\/passionimo.ca\/wp-content\/uploads\/2026\/02\/PASSIONIMO_icon_courriel.png","datePublished":"2021-01-07T13:50:46+00:00","dateModified":"2026-02-25T19:08:05+00:00","breadcrumb":{"@id":"https:\/\/passionimo.ca\/nous-contacter\/#breadcrumb"},"inLanguage":"en-US","potentialAction":[{"@type":"ReadAction","target":["https:\/\/passionimo.ca\/nous-contacter\/"]}]},{"@type":"ImageObject","inLanguage":"en-US","@id":"https:\/\/passionimo.ca\/nous-contacter\/#primaryimage","url":"https:\/\/passionimo.ca\/wp-content\/uploads\/2026\/02\/PASSIONIMO_icon_courriel.png","contentUrl":"https:\/\/passionimo.ca\/wp-content\/uploads\/2026\/02\/PASSIONIMO_icon_courriel.png"},{"@type":"BreadcrumbList","@id":"https:\/\/passionimo.ca\/nous-contacter\/#breadcrumb","itemListElement":[{"@type":"ListItem","position":1,"name":"Accueil","item":"https:\/\/passionimo.ca\/"},{"@type":"ListItem","position":2,"name":"Contact us"}]},{"@type":"WebSite","@id":"https:\/\/passionimo.ca\/#website","url":"https:\/\/passionimo.ca\/","name":"Passionimo","description":"R\u00e9seau de v\u00e9t\u00e9rinaires de famille","publisher":{"@id":"https:\/\/passionimo.ca\/#organization"},"potentialAction":[{"@type":"SearchAction","target":{"@type":"EntryPoint","urlTemplate":"https:\/\/passionimo.ca\/?s={search_term_string}"},"query-input":{"@type":"PropertyValueSpecification","valueRequired":true,"valueName":"search_term_string"}}],"inLanguage":"en-US"},{"@type":"Organization","@id":"https:\/\/passionimo.ca\/#organization","name":"Passionimo","url":"https:\/\/passionimo.ca\/","logo":{"@type":"ImageObject","inLanguage":"en-US","@id":"https:\/\/passionimo.ca\/#\/schema\/logo\/image\/","url":"https:\/\/passionimo.ca\/wp-content\/uploads\/2020\/09\/logo_passionimo-seul.png","contentUrl":"https:\/\/passionimo.ca\/wp-content\/uploads\/2020\/09\/logo_passionimo-seul.png","width":751,"height":120,"caption":"Passionimo"},"image":{"@id":"https:\/\/passionimo.ca\/#\/schema\/logo\/image\/"}}]}},"_links":{"self":[{"href":"https:\/\/passionimo.ca\/en\/wp-json\/wp\/v2\/pages\/3915","targetHints":{"allow":["GET"]}}],"collection":[{"href":"https:\/\/passionimo.ca\/en\/wp-json\/wp\/v2\/pages"}],"about":[{"href":"https:\/\/passionimo.ca\/en\/wp-json\/wp\/v2\/types\/page"}],"author":[{"embeddable":true,"href":"https:\/\/passionimo.ca\/en\/wp-json\/wp\/v2\/users\/1"}],"replies":[{"embeddable":true,"href":"https:\/\/passionimo.ca\/en\/wp-json\/wp\/v2\/comments?post=3915"}],"version-history":[{"count":0,"href":"https:\/\/passionimo.ca\/en\/wp-json\/wp\/v2\/pages\/3915\/revisions"}],"wp:attachment":[{"href":"https:\/\/passionimo.ca\/en\/wp-json\/wp\/v2\/media?parent=3915"}],"curies":[{"name":"wp","href":"https:\/\/api.w.org\/{rel}","templated":true}]}}