{"id":3919,"date":"2021-01-07T09:06:39","date_gmt":"2021-01-07T14:06:39","guid":{"rendered":"https:\/\/passionimo.ca\/legal-notice\/"},"modified":"2026-02-25T14:28:46","modified_gmt":"2026-02-25T19:28:46","slug":"legal-notice","status":"publish","type":"page","link":"https:\/\/passionimo.ca\/en\/legal-notice\/","title":{"rendered":"Legal notice"},"content":{"rendered":"\t\t<div data-elementor-type=\"wp-page\" data-elementor-id=\"3919\" class=\"elementor elementor-3919 elementor-3\" data-elementor-post-type=\"page\">\n\t\t\t\t<div class=\"elementor-element elementor-element-d8b0627 e-con-full e-flex e-con e-parent\" data-id=\"d8b0627\" data-element_type=\"container\" data-e-type=\"container\" data-settings=\"{&quot;background_background&quot;:&quot;classic&quot;}\">\n\t\t<div class=\"elementor-element elementor-element-a45ea00 e-con-full e-flex e-con e-child\" data-id=\"a45ea00\" data-element_type=\"container\" data-e-type=\"container\" data-settings=\"{&quot;background_background&quot;:&quot;classic&quot;}\">\n\t\t\t\t<div class=\"elementor-element elementor-element-e8c5617 elementor-widget__width-initial elementor-widget elementor-widget-heading\" data-id=\"e8c5617\" data-element_type=\"widget\" data-e-type=\"widget\" data-widget_type=\"heading.default\">\n\t\t\t\t<div class=\"elementor-widget-container\">\n\t\t\t\t\t<h2 class=\"elementor-heading-title elementor-size-default\">Legal notice<\/h2>\t\t\t\t<\/div>\n\t\t\t\t<\/div>\n\t\t\t\t<\/div>\n\t\t\t\t<\/div>\n\t\t\t\t<section class=\"elementor-section elementor-top-section elementor-element elementor-element-5c07c2f6 elementor-section-boxed elementor-section-height-default elementor-section-height-default\" data-id=\"5c07c2f6\" data-element_type=\"section\" data-e-type=\"section\">\n\t\t\t\t\t\t<div class=\"elementor-container elementor-column-gap-default\">\n\t\t\t\t\t<div class=\"elementor-column elementor-col-100 elementor-top-column elementor-element elementor-element-23495c81\" data-id=\"23495c81\" data-element_type=\"column\" data-e-type=\"column\">\n\t\t\t<div class=\"elementor-widget-wrap elementor-element-populated\">\n\t\t\t\t\t\t<div class=\"elementor-element elementor-element-3c1efc5a elementor-widget elementor-widget-text-editor\" data-id=\"3c1efc5a\" data-element_type=\"widget\" data-e-type=\"widget\" data-widget_type=\"text-editor.default\">\n\t\t\t\t<div class=\"elementor-widget-container\">\n\t\t\t\t\t\t\t\t\t<p><\/p>\n<p>On this page the term &#8220;Website&#8221; includes Passionimo website and all the applications it contains (extranet, mail system and all other related applications).<\/p>\n<p><\/p>\n<p>The present Website is offered to users subject to certain General Conditions. By using this Website or any of its applications, you accept the General Conditions.<\/p>\n<p><\/p>\n<p>This page states the General Conditions under which you may use the present Website. Please read this page carefully.<\/p>\n<p><\/p>\n<p><strong>MISCELLANEOUS RIGHTS<\/strong><\/p>\n<p><\/p>\n<p>Passionimo is the owner of this Website. The content of this Website as well as all of the applications are provided for information purposes only. Any information provided by any personnel of Passionimo or by a third party authorized by Passionimo to provide such information shall take precedence over the information contained on this site. If you do not agree with one or more of the general conditions for use of this Website mentioned on this page, please do not use this Website. Passionimo cannot be held liable for any damages caused as a result of the use of this Website.<\/p>\n<p><\/p>\n<p><strong>RESPONSIBILITY<\/strong><\/p>\n<p><\/p>\n<p>Passionimo is not responsible for any damages resulting from any actions taken based on the information contained on the present Website or for any damages sustained following the disclosure of personal or confidential information submitted on the Internet.<\/p>\n<p><\/p>\n<p>Passionimo is not responsible for the content of websites accessed through external links on its site. When consulting these sites, you do so at your own risk. The external links present on this Website shall not be considered as recommendations and are placed on the site for information purposes only.<\/p>\n<p><\/p>\n<p>Passionimo will pay no compensation or indemnity related to any aspect of or attributed to the use of this Website.<\/p>\n<p><\/p>\n<p><strong>INFORMATIONS<\/strong><\/p>\n<p><\/p>\n<p>The information contained on this Website is protected by property rights and its distribution outside this Website must be authorized in writing by Passionimo. The reproduction, in part or in whole, of this content (information, texts, images, graphics or other) is strictly forbidden without the authorization of Passionimo. Passionimo cannot be held liable for any damage resulting from the non-authorized reproduction or use of the information on this Website.<\/p>\n<p><\/p>\n<p>Passionimo reserves the right to cease or interrupt the online activities relating to this Website without prior notice. By using the present Website, you waive all rights to any type of legal action against Passionimo. Passionimo reserves the right to modify its conditions for use at any time without prior notice.<\/p>\n<p><\/p>\n<p><strong>PRIVACY POLICY<\/strong><\/p>\n<p><\/p>\n<p><strong>Use of email addresses<\/strong><br \/>We keep your email on our server. By accessing, using and\/or downloading materials from this Site or by submitting personal information, you agree, on your own behalf or on behalf of each entity on whose behalf you act, that we may collect, use and disclose such personal information in accordance with this Privacy Policy and as permitted or required by law.<\/p>\n<p><\/p>\n<p><\/p>\n\t\t\t\t\t\t\t\t<\/div>\n\t\t\t\t<\/div>\n\t\t\t\t\t<\/div>\n\t\t<\/div>\n\t\t\t\t\t<\/div>\n\t\t<\/section>\n\t\t\t\t<\/div>\n\t\t","protected":false},"excerpt":{"rendered":"<p>Legal notice On this page the term &#8220;Website&#8221; includes Passionimo website and all the applications it contains (extranet, mail system and all other related applications). The present Website is offered to users subject to certain General Conditions. By using this Website or any of its applications, you accept the General Conditions. This page states the [&hellip;]<\/p>\n","protected":false},"author":1,"featured_media":0,"parent":0,"menu_order":10,"comment_status":"closed","ping_status":"closed","template":"","meta":{"_acf_changed":false,"footnotes":""},"class_list":["post-3919","page","type-page","status-publish","hentry","legal-notice"],"acf":[],"yoast_head":"<!-- This site is optimized with the Yoast SEO plugin v27.4 - https:\/\/yoast.com\/product\/yoast-seo-wordpress\/ -->\n<title>Legal notice | Passionimo<\/title>\n<meta name=\"robots\" content=\"index, follow, max-snippet:-1, max-image-preview:large, max-video-preview:-1\" \/>\n<link rel=\"canonical\" href=\"https:\/\/passionimo.ca\/avis-legal\/\" \/>\n<meta property=\"og:locale\" content=\"en_US\" \/>\n<meta property=\"og:type\" content=\"article\" \/>\n<meta property=\"og:title\" content=\"Legal notice | Passionimo\" \/>\n<meta property=\"og:description\" content=\"Legal notice On this page the term &#8220;Website&#8221; includes Passionimo website and all the applications it contains (extranet, mail system and all other related applications). The present Website is offered to users subject to certain General Conditions. By using this Website or any of its applications, you accept the General Conditions. This page states the [&hellip;]\" \/>\n<meta property=\"og:url\" content=\"https:\/\/passionimo.ca\/avis-legal\/\" \/>\n<meta property=\"og:site_name\" content=\"Passionimo\" \/>\n<meta property=\"article:modified_time\" content=\"2026-02-25T19:28:46+00:00\" \/>\n<meta property=\"og:image\" content=\"https:\/\/passionimo.ca\/wp-content\/uploads\/2020\/11\/Technicienne_FamillePassionimo.jpg\" \/>\n\t<meta property=\"og:image:width\" content=\"892\" \/>\n\t<meta property=\"og:image:height\" content=\"595\" \/>\n\t<meta property=\"og:image:type\" content=\"image\/jpeg\" \/>\n<meta name=\"twitter:card\" content=\"summary_large_image\" \/>\n<meta name=\"twitter:label1\" content=\"Est. reading time\" \/>\n\t<meta name=\"twitter:data1\" content=\"5 minutes\" \/>\n<script type=\"application\/ld+json\" class=\"yoast-schema-graph\">{\"@context\":\"https:\\\/\\\/schema.org\",\"@graph\":[{\"@type\":\"WebPage\",\"@id\":\"https:\\\/\\\/passionimo.ca\\\/avis-legal\\\/\",\"url\":\"https:\\\/\\\/passionimo.ca\\\/avis-legal\\\/\",\"name\":\"Legal notice | Passionimo\",\"isPartOf\":{\"@id\":\"https:\\\/\\\/passionimo.ca\\\/#website\"},\"datePublished\":\"2021-01-07T14:06:39+00:00\",\"dateModified\":\"2026-02-25T19:28:46+00:00\",\"breadcrumb\":{\"@id\":\"https:\\\/\\\/passionimo.ca\\\/avis-legal\\\/#breadcrumb\"},\"inLanguage\":\"en-US\",\"potentialAction\":[{\"@type\":\"ReadAction\",\"target\":[\"https:\\\/\\\/passionimo.ca\\\/avis-legal\\\/\"]}]},{\"@type\":\"BreadcrumbList\",\"@id\":\"https:\\\/\\\/passionimo.ca\\\/avis-legal\\\/#breadcrumb\",\"itemListElement\":[{\"@type\":\"ListItem\",\"position\":1,\"name\":\"Accueil\",\"item\":\"https:\\\/\\\/passionimo.ca\\\/\"},{\"@type\":\"ListItem\",\"position\":2,\"name\":\"Legal notice\"}]},{\"@type\":\"WebSite\",\"@id\":\"https:\\\/\\\/passionimo.ca\\\/#website\",\"url\":\"https:\\\/\\\/passionimo.ca\\\/\",\"name\":\"Passionimo\",\"description\":\"R\u00e9seau de v\u00e9t\u00e9rinaires de famille\",\"publisher\":{\"@id\":\"https:\\\/\\\/passionimo.ca\\\/#organization\"},\"potentialAction\":[{\"@type\":\"SearchAction\",\"target\":{\"@type\":\"EntryPoint\",\"urlTemplate\":\"https:\\\/\\\/passionimo.ca\\\/?s={search_term_string}\"},\"query-input\":{\"@type\":\"PropertyValueSpecification\",\"valueRequired\":true,\"valueName\":\"search_term_string\"}}],\"inLanguage\":\"en-US\"},{\"@type\":\"Organization\",\"@id\":\"https:\\\/\\\/passionimo.ca\\\/#organization\",\"name\":\"Passionimo\",\"url\":\"https:\\\/\\\/passionimo.ca\\\/\",\"logo\":{\"@type\":\"ImageObject\",\"inLanguage\":\"en-US\",\"@id\":\"https:\\\/\\\/passionimo.ca\\\/#\\\/schema\\\/logo\\\/image\\\/\",\"url\":\"https:\\\/\\\/passionimo.ca\\\/wp-content\\\/uploads\\\/2020\\\/09\\\/logo_passionimo-seul.png\",\"contentUrl\":\"https:\\\/\\\/passionimo.ca\\\/wp-content\\\/uploads\\\/2020\\\/09\\\/logo_passionimo-seul.png\",\"width\":751,\"height\":120,\"caption\":\"Passionimo\"},\"image\":{\"@id\":\"https:\\\/\\\/passionimo.ca\\\/#\\\/schema\\\/logo\\\/image\\\/\"}}]}<\/script>\n<!-- \/ Yoast SEO plugin. -->","yoast_head_json":{"title":"Legal notice | Passionimo","robots":{"index":"index","follow":"follow","max-snippet":"max-snippet:-1","max-image-preview":"max-image-preview:large","max-video-preview":"max-video-preview:-1"},"canonical":"https:\/\/passionimo.ca\/avis-legal\/","og_locale":"en_US","og_type":"article","og_title":"Legal notice | Passionimo","og_description":"Legal notice On this page the term &#8220;Website&#8221; includes Passionimo website and all the applications it contains (extranet, mail system and all other related applications). The present Website is offered to users subject to certain General Conditions. By using this Website or any of its applications, you accept the General Conditions. This page states the [&hellip;]","og_url":"https:\/\/passionimo.ca\/avis-legal\/","og_site_name":"Passionimo","article_modified_time":"2026-02-25T19:28:46+00:00","og_image":[{"width":892,"height":595,"url":"https:\/\/passionimo.ca\/wp-content\/uploads\/2020\/11\/Technicienne_FamillePassionimo.jpg","type":"image\/jpeg"}],"twitter_card":"summary_large_image","twitter_misc":{"Est. reading time":"5 minutes"},"schema":{"@context":"https:\/\/schema.org","@graph":[{"@type":"WebPage","@id":"https:\/\/passionimo.ca\/avis-legal\/","url":"https:\/\/passionimo.ca\/avis-legal\/","name":"Legal notice | Passionimo","isPartOf":{"@id":"https:\/\/passionimo.ca\/#website"},"datePublished":"2021-01-07T14:06:39+00:00","dateModified":"2026-02-25T19:28:46+00:00","breadcrumb":{"@id":"https:\/\/passionimo.ca\/avis-legal\/#breadcrumb"},"inLanguage":"en-US","potentialAction":[{"@type":"ReadAction","target":["https:\/\/passionimo.ca\/avis-legal\/"]}]},{"@type":"BreadcrumbList","@id":"https:\/\/passionimo.ca\/avis-legal\/#breadcrumb","itemListElement":[{"@type":"ListItem","position":1,"name":"Accueil","item":"https:\/\/passionimo.ca\/"},{"@type":"ListItem","position":2,"name":"Legal notice"}]},{"@type":"WebSite","@id":"https:\/\/passionimo.ca\/#website","url":"https:\/\/passionimo.ca\/","name":"Passionimo","description":"R\u00e9seau de v\u00e9t\u00e9rinaires de famille","publisher":{"@id":"https:\/\/passionimo.ca\/#organization"},"potentialAction":[{"@type":"SearchAction","target":{"@type":"EntryPoint","urlTemplate":"https:\/\/passionimo.ca\/?s={search_term_string}"},"query-input":{"@type":"PropertyValueSpecification","valueRequired":true,"valueName":"search_term_string"}}],"inLanguage":"en-US"},{"@type":"Organization","@id":"https:\/\/passionimo.ca\/#organization","name":"Passionimo","url":"https:\/\/passionimo.ca\/","logo":{"@type":"ImageObject","inLanguage":"en-US","@id":"https:\/\/passionimo.ca\/#\/schema\/logo\/image\/","url":"https:\/\/passionimo.ca\/wp-content\/uploads\/2020\/09\/logo_passionimo-seul.png","contentUrl":"https:\/\/passionimo.ca\/wp-content\/uploads\/2020\/09\/logo_passionimo-seul.png","width":751,"height":120,"caption":"Passionimo"},"image":{"@id":"https:\/\/passionimo.ca\/#\/schema\/logo\/image\/"}}]}},"_links":{"self":[{"href":"https:\/\/passionimo.ca\/en\/wp-json\/wp\/v2\/pages\/3919","targetHints":{"allow":["GET"]}}],"collection":[{"href":"https:\/\/passionimo.ca\/en\/wp-json\/wp\/v2\/pages"}],"about":[{"href":"https:\/\/passionimo.ca\/en\/wp-json\/wp\/v2\/types\/page"}],"author":[{"embeddable":true,"href":"https:\/\/passionimo.ca\/en\/wp-json\/wp\/v2\/users\/1"}],"replies":[{"embeddable":true,"href":"https:\/\/passionimo.ca\/en\/wp-json\/wp\/v2\/comments?post=3919"}],"version-history":[{"count":0,"href":"https:\/\/passionimo.ca\/en\/wp-json\/wp\/v2\/pages\/3919\/revisions"}],"wp:attachment":[{"href":"https:\/\/passionimo.ca\/en\/wp-json\/wp\/v2\/media?parent=3919"}],"curies":[{"name":"wp","href":"https:\/\/api.w.org\/{rel}","templated":true}]}}